{"id":109,"date":"2024-01-23T14:58:11","date_gmt":"2024-01-23T13:58:11","guid":{"rendered":"https:\/\/villa4kidslife.com\/?page_id=109"},"modified":"2025-09-02T16:51:50","modified_gmt":"2025-09-02T14:51:50","slug":"wohin-wir-gehen","status":"publish","type":"page","link":"https:\/\/villa4kidslife.com\/en\/wohin-wir-gehen\/","title":{"rendered":"The Ongoing Situation and Plans for the Future"},"content":{"rendered":"<p>[et_pb_section fb_built=&#8220;1&#8243; admin_label=&#8220;Header&#8220; _builder_version=&#8220;4.27.4&#8243; _module_preset=&#8220;default&#8220; background_color=&#8220;RGBA(255,255,255,0)&#8220; background_image=&#8220;https:\/\/villa4kidslife.com\/wp-content\/uploads\/2024\/02\/Header_Villa-Wohin-scaled.jpg&#8220; background_size=&#8220;custom&#8220; background_image_width=&#8220;72%&#8220; background_position=&#8220;top_right&#8220; custom_margin=&#8220;||||false|false&#8220; custom_padding=&#8220;||||false|false&#8220; background_last_edited=&#8220;on|desktop&#8220; global_colors_info=&#8220;{}&#8220;][et_pb_row column_structure=&#8220;3_5,2_5&#8243; _builder_version=&#8220;4.24.2&#8243; _module_preset=&#8220;default&#8220; custom_margin=&#8220;50px||||false|false&#8220; custom_padding=&#8220;0px||0px||false|false&#8220; global_colors_info=&#8220;{}&#8220;][et_pb_column type=&#8220;3_5&#8243; _builder_version=&#8220;4.16&#8243; _module_preset=&#8220;default&#8220; custom_padding=&#8220;6%||||false|false&#8220; custom_padding_tablet=&#8220;0%||||false|false&#8220; custom_padding_phone=&#8220;&#8220; custom_padding_last_edited=&#8220;on|tablet&#8220; global_colors_info=&#8220;{}&#8220;][et_pb_text _builder_version=&#8220;4.24.0&#8243; _module_preset=&#8220;e864d11f-3dab-4fa3-ac06-4f0e1a260807&#8243; text_font=&#8220;Trebuchet|800|||||||&#8220; text_text_color=&#8220;#197847&#8243; header_font=&#8220;Trebuchet|700|||||||&#8220; header_text_color=&#8220;#093532&#8243; header_font_size=&#8220;64px&#8220; header_letter_spacing=&#8220;-0.02em&#8220; header_line_height=&#8220;1.15em&#8220; width=&#8220;91%&#8220; min_height=&#8220;214.1px&#8220; custom_margin=&#8220;-42px||16px||false|false&#8220; custom_padding=&#8220;||38px|||&#8220; header_font_size_tablet=&#8220;40px&#8220; header_font_size_phone=&#8220;24px&#8220; header_font_size_last_edited=&#8220;on|desktop&#8220; locked=&#8220;off&#8220; global_colors_info=&#8220;{}&#8220;]<\/p>\n<h1><span style=\"color: #197847;\">The ongoing situation <br \/><\/span><span style=\"color: #197847;\">and plans <\/span><span style=\"color: #197847;\">for the future<\/span><\/h1>\n<p>[\/et_pb_text][et_pb_text _builder_version=&#8220;4.27.4&#8243; _module_preset=&#8220;41d5859c-fbaa-458a-88e4-5d886857f235&#8243; text_font=&#8220;Trebuchet||||||||&#8220; header_font=&#8220;DM Sans||||||||&#8220; header_text_color=&#8220;#093532&#8243; header_font_size=&#8220;64px&#8220; header_letter_spacing=&#8220;-0.02em&#8220; header_line_height=&#8220;1.15em&#8220; custom_margin=&#8220;50px||0px||false|false&#8220; custom_padding=&#8220;0px||0px||false|false&#8220; hover_enabled=&#8220;0&#8243; header_font_size_tablet=&#8220;40px&#8220; header_font_size_phone=&#8220;24px&#8220; header_font_size_last_edited=&#8220;on|desktop&#8220; locked=&#8220;off&#8220; global_colors_info=&#8220;{}&#8220; sticky_enabled=&#8220;0&#8243;]<\/p>\n<p>The authorities have now asked us to support underage girls who have been abused and have thus become pregnant. The lives of these girls are often in danger due to their own families. Again and again you read in the news, that newborns have been found on garbage dumps or in the sewers.<\/p>\n<p>Therefore Villa4Kids will also be a shelter for young girls in the future. A house where they can safely give birth, where they get something to eat and learn to read and write. We also plan to offer an apprenticeship to these girls after the birth that allows them to stand on their own two feet.<\/p>\n<p>We can literally save lives, those of young girls and their unborn children.<\/p>\n<p>[\/et_pb_text][\/et_pb_column][et_pb_column type=&#8220;2_5&#8243; _builder_version=&#8220;4.16&#8243; _module_preset=&#8220;default&#8220; global_colors_info=&#8220;{}&#8220;][et_pb_image src=&#8220;https:\/\/villa4kidslife.com\/wp-content\/uploads\/2024\/01\/PayPalVilla4KidsLife.jpg&#8220; title_text=&#8220;PayPalVilla4KidsLife&#8220; _builder_version=&#8220;4.24.0&#8243; _module_preset=&#8220;default&#8220; width=&#8220;65%&#8220; custom_margin=&#8220;286px||12px|||&#8220; border_radii=&#8220;on|20px|20px|20px|20px&#8220; locked=&#8220;off&#8220; global_colors_info=&#8220;{}&#8220;][\/et_pb_image][et_pb_text _builder_version=&#8220;4.24.0&#8243; _module_preset=&#8220;default&#8220; text_font=&#8220;Trebuchet|700|||||||&#8220; text_text_color=&#8220;#197847&#8243; header_font=&#8220;Trebuchet||||||||&#8220; header_text_color=&#8220;#093532&#8243; header_font_size=&#8220;64px&#8220; header_letter_spacing=&#8220;-0.02em&#8220; header_line_height=&#8220;1.15em&#8220; width=&#8220;100%&#8220; custom_margin=&#8220;||16px||false|false&#8220; header_font_size_tablet=&#8220;40px&#8220; header_font_size_phone=&#8220;24px&#8220; header_font_size_last_edited=&#8220;on|desktop&#8220; locked=&#8220;off&#8220; global_colors_info=&#8220;{}&#8220;]<\/p>\n<p>Scan the code and go directly to PayPal. We appreciate every donation!<\/p>\n<p>[\/et_pb_text][\/et_pb_column][\/et_pb_row][et_pb_row custom_padding_last_edited=&#8220;on|phone&#8220; _builder_version=&#8220;4.24.2&#8243; _module_preset=&#8220;default&#8220; background_color=&#8220;#197847&#8243; min_height=&#8220;378px&#8220; overflow-x=&#8220;visible&#8220; overflow-y=&#8220;visible&#8220; custom_margin=&#8220;30px|auto|30px|auto|false|false&#8220; custom_margin_tablet=&#8220;||0px||false|false&#8220; custom_margin_phone=&#8220;&#8220; custom_margin_last_edited=&#8220;on|tablet&#8220; custom_padding=&#8220;30px|30px|30px|30px|true|true&#8220; custom_padding_tablet=&#8220;40px|30px|40px|30px|true|true&#8220; custom_padding_phone=&#8220;|20px||20px|true|true&#8220; border_radii=&#8220;on|20px|20px|20px|20px&#8220; global_colors_info=&#8220;{}&#8220;][et_pb_column type=&#8220;4_4&#8243; _builder_version=&#8220;4.16&#8243; _module_preset=&#8220;default&#8220; global_colors_info=&#8220;{}&#8220;][et_pb_gallery gallery_ids=&#8220;247,400,398,399,243&#8243; orientation=&#8220;portrait&#8220; show_title_and_caption=&#8220;off&#8220; show_pagination=&#8220;off&#8220; zoom_icon_color=&#8220;RGBA(255,255,255,0)&#8220; hover_overlay_color=&#8220;RGBA(255,255,255,0)&#8220; _builder_version=&#8220;4.27.4&#8243; _module_preset=&#8220;default&#8220; title_font=&#8220;Trebuchet|800|||||||&#8220; background_color=&#8220;#197847&#8243; border_radii_image=&#8220;on|5px|5px|5px|5px&#8220; border_color_all_image=&#8220;#FEF8D1&#8243; box_shadow_style_image=&#8220;preset2&#8243; global_colors_info=&#8220;{}&#8220;][\/et_pb_gallery][\/et_pb_column][\/et_pb_row][\/et_pb_section]<\/p>","protected":false},"excerpt":{"rendered":"<p>Wohin wir gehenDie Beh\u00f6rden baten uns nun um Unterst\u00fctzung, minderj\u00e4hrige M\u00e4dchen zu betreuen, die durch Missbrauch oder Vergewaltigung schwanger geworden sind. Das ist leider eine Realit\u00e4t. Das Leben dieser M\u00e4dchen ist durch die eigenen Familien oft in Gefahr. Immer wieder liest man in den Nachrichten das neugeborene Kinder auf M\u00fcllhalden oder in der Kanalisation gefunden [&hellip;]<\/p>","protected":false},"author":1,"featured_media":0,"parent":0,"menu_order":0,"comment_status":"closed","ping_status":"closed","template":"","meta":{"_et_pb_use_builder":"on","_et_pb_old_content":"","_et_gb_content_width":"","footnotes":""},"class_list":["post-109","page","type-page","status-publish","hentry"],"yoast_head":"<!-- This site is optimized with the Yoast SEO plugin v26.8 - https:\/\/yoast.com\/product\/yoast-seo-wordpress\/ -->\n<title>Wohin wir gehen - Villa4KidsLife<\/title>\n<meta name=\"description\" content=\"Leben retten mit der Villa4KidsLife, das von jungen M\u00e4dchen und ihren ungeborenen Kindern. Unterst\u00fctzer sind herzlich willkommen.\" \/>\n<meta name=\"robots\" content=\"index, follow, max-snippet:-1, max-image-preview:large, max-video-preview:-1\" \/>\n<link rel=\"canonical\" href=\"https:\/\/villa4kidslife.com\/en\/wohin-wir-gehen\/\" \/>\n<meta property=\"og:locale\" content=\"en_GB\" \/>\n<meta property=\"og:type\" content=\"article\" \/>\n<meta property=\"og:title\" content=\"Wohin wir gehen - Villa4KidsLife\" \/>\n<meta property=\"og:description\" content=\"Leben retten mit der Villa4KidsLife, das von jungen M\u00e4dchen und ihren ungeborenen Kindern. Unterst\u00fctzer sind herzlich willkommen.\" \/>\n<meta property=\"og:url\" content=\"https:\/\/villa4kidslife.com\/en\/wohin-wir-gehen\/\" \/>\n<meta property=\"og:site_name\" content=\"Villa4KidsLife\" \/>\n<meta property=\"article:publisher\" content=\"https:\/\/www.facebook.com\/Villa4KidsLife\" \/>\n<meta property=\"article:modified_time\" content=\"2025-09-02T14:51:50+00:00\" \/>\n<meta name=\"twitter:card\" content=\"summary_large_image\" \/>\n<meta name=\"twitter:label1\" content=\"Estimated reading time\" \/>\n\t<meta name=\"twitter:data1\" content=\"3 minutes\" \/>\n<script type=\"application\/ld+json\" class=\"yoast-schema-graph\">{\"@context\":\"https:\/\/schema.org\",\"@graph\":[{\"@type\":\"WebPage\",\"@id\":\"https:\/\/villa4kidslife.com\/wohin-wir-gehen\/\",\"url\":\"https:\/\/villa4kidslife.com\/wohin-wir-gehen\/\",\"name\":\"Wohin wir gehen - Villa4KidsLife\",\"isPartOf\":{\"@id\":\"https:\/\/villa4kidslife.com\/#website\"},\"datePublished\":\"2024-01-23T13:58:11+00:00\",\"dateModified\":\"2025-09-02T14:51:50+00:00\",\"description\":\"Leben retten mit der Villa4KidsLife, das von jungen M\u00e4dchen und ihren ungeborenen Kindern. Unterst\u00fctzer sind herzlich willkommen.\",\"breadcrumb\":{\"@id\":\"https:\/\/villa4kidslife.com\/wohin-wir-gehen\/#breadcrumb\"},\"inLanguage\":\"en-GB\",\"potentialAction\":[{\"@type\":\"ReadAction\",\"target\":[\"https:\/\/villa4kidslife.com\/wohin-wir-gehen\/\"]}]},{\"@type\":\"BreadcrumbList\",\"@id\":\"https:\/\/villa4kidslife.com\/wohin-wir-gehen\/#breadcrumb\",\"itemListElement\":[{\"@type\":\"ListItem\",\"position\":1,\"name\":\"Startseite\",\"item\":\"https:\/\/villa4kidslife.com\/\"},{\"@type\":\"ListItem\",\"position\":2,\"name\":\"Wohin wir gehen\"}]},{\"@type\":\"WebSite\",\"@id\":\"https:\/\/villa4kidslife.com\/#website\",\"url\":\"https:\/\/villa4kidslife.com\/\",\"name\":\"Villa4KidsLife\",\"description\":\"Ein Haus f\u00fcr Frauen- und Kinder in Cape Coast, Ghana\",\"publisher\":{\"@id\":\"https:\/\/villa4kidslife.com\/#organization\"},\"potentialAction\":[{\"@type\":\"SearchAction\",\"target\":{\"@type\":\"EntryPoint\",\"urlTemplate\":\"https:\/\/villa4kidslife.com\/?s={search_term_string}\"},\"query-input\":{\"@type\":\"PropertyValueSpecification\",\"valueRequired\":true,\"valueName\":\"search_term_string\"}}],\"inLanguage\":\"en-GB\"},{\"@type\":\"Organization\",\"@id\":\"https:\/\/villa4kidslife.com\/#organization\",\"name\":\"Villa4KidsLife\",\"url\":\"https:\/\/villa4kidslife.com\/\",\"logo\":{\"@type\":\"ImageObject\",\"inLanguage\":\"en-GB\",\"@id\":\"https:\/\/villa4kidslife.com\/#\/schema\/logo\/image\/\",\"url\":\"https:\/\/villa4kidslife.com\/wp-content\/uploads\/2023\/11\/cropped-Villa-Logo.png\",\"contentUrl\":\"https:\/\/villa4kidslife.com\/wp-content\/uploads\/2023\/11\/cropped-Villa-Logo.png\",\"width\":2570,\"height\":1981,\"caption\":\"Villa4KidsLife\"},\"image\":{\"@id\":\"https:\/\/villa4kidslife.com\/#\/schema\/logo\/image\/\"},\"sameAs\":[\"https:\/\/www.facebook.com\/Villa4KidsLife\",\"https:\/\/www.instagram.com\/hertaeverwien\/\"]}]}<\/script>\n<!-- \/ Yoast SEO plugin. -->","yoast_head_json":{"title":"Wohin wir gehen - Villa4KidsLife","description":"Leben retten mit der Villa4KidsLife, das von jungen M\u00e4dchen und ihren ungeborenen Kindern. Unterst\u00fctzer sind herzlich willkommen.","robots":{"index":"index","follow":"follow","max-snippet":"max-snippet:-1","max-image-preview":"max-image-preview:large","max-video-preview":"max-video-preview:-1"},"canonical":"https:\/\/villa4kidslife.com\/en\/wohin-wir-gehen\/","og_locale":"en_GB","og_type":"article","og_title":"Wohin wir gehen - Villa4KidsLife","og_description":"Leben retten mit der Villa4KidsLife, das von jungen M\u00e4dchen und ihren ungeborenen Kindern. Unterst\u00fctzer sind herzlich willkommen.","og_url":"https:\/\/villa4kidslife.com\/en\/wohin-wir-gehen\/","og_site_name":"Villa4KidsLife","article_publisher":"https:\/\/www.facebook.com\/Villa4KidsLife","article_modified_time":"2025-09-02T14:51:50+00:00","twitter_card":"summary_large_image","twitter_misc":{"Estimated reading time":"3 minutes"},"schema":{"@context":"https:\/\/schema.org","@graph":[{"@type":"WebPage","@id":"https:\/\/villa4kidslife.com\/wohin-wir-gehen\/","url":"https:\/\/villa4kidslife.com\/wohin-wir-gehen\/","name":"Wohin wir gehen - Villa4KidsLife","isPartOf":{"@id":"https:\/\/villa4kidslife.com\/#website"},"datePublished":"2024-01-23T13:58:11+00:00","dateModified":"2025-09-02T14:51:50+00:00","description":"Leben retten mit der Villa4KidsLife, das von jungen M\u00e4dchen und ihren ungeborenen Kindern. Unterst\u00fctzer sind herzlich willkommen.","breadcrumb":{"@id":"https:\/\/villa4kidslife.com\/wohin-wir-gehen\/#breadcrumb"},"inLanguage":"en-GB","potentialAction":[{"@type":"ReadAction","target":["https:\/\/villa4kidslife.com\/wohin-wir-gehen\/"]}]},{"@type":"BreadcrumbList","@id":"https:\/\/villa4kidslife.com\/wohin-wir-gehen\/#breadcrumb","itemListElement":[{"@type":"ListItem","position":1,"name":"Startseite","item":"https:\/\/villa4kidslife.com\/"},{"@type":"ListItem","position":2,"name":"Wohin wir gehen"}]},{"@type":"WebSite","@id":"https:\/\/villa4kidslife.com\/#website","url":"https:\/\/villa4kidslife.com\/","name":"Villa4KidsLife","description":"Ein Haus f\u00fcr Frauen- und Kinder in Cape Coast, Ghana","publisher":{"@id":"https:\/\/villa4kidslife.com\/#organization"},"potentialAction":[{"@type":"SearchAction","target":{"@type":"EntryPoint","urlTemplate":"https:\/\/villa4kidslife.com\/?s={search_term_string}"},"query-input":{"@type":"PropertyValueSpecification","valueRequired":true,"valueName":"search_term_string"}}],"inLanguage":"en-GB"},{"@type":"Organization","@id":"https:\/\/villa4kidslife.com\/#organization","name":"Villa4KidsLife","url":"https:\/\/villa4kidslife.com\/","logo":{"@type":"ImageObject","inLanguage":"en-GB","@id":"https:\/\/villa4kidslife.com\/#\/schema\/logo\/image\/","url":"https:\/\/villa4kidslife.com\/wp-content\/uploads\/2023\/11\/cropped-Villa-Logo.png","contentUrl":"https:\/\/villa4kidslife.com\/wp-content\/uploads\/2023\/11\/cropped-Villa-Logo.png","width":2570,"height":1981,"caption":"Villa4KidsLife"},"image":{"@id":"https:\/\/villa4kidslife.com\/#\/schema\/logo\/image\/"},"sameAs":["https:\/\/www.facebook.com\/Villa4KidsLife","https:\/\/www.instagram.com\/hertaeverwien\/"]}]}},"_links":{"self":[{"href":"https:\/\/villa4kidslife.com\/en\/wp-json\/wp\/v2\/pages\/109","targetHints":{"allow":["GET"]}}],"collection":[{"href":"https:\/\/villa4kidslife.com\/en\/wp-json\/wp\/v2\/pages"}],"about":[{"href":"https:\/\/villa4kidslife.com\/en\/wp-json\/wp\/v2\/types\/page"}],"author":[{"embeddable":true,"href":"https:\/\/villa4kidslife.com\/en\/wp-json\/wp\/v2\/users\/1"}],"replies":[{"embeddable":true,"href":"https:\/\/villa4kidslife.com\/en\/wp-json\/wp\/v2\/comments?post=109"}],"version-history":[{"count":33,"href":"https:\/\/villa4kidslife.com\/en\/wp-json\/wp\/v2\/pages\/109\/revisions"}],"predecessor-version":[{"id":431,"href":"https:\/\/villa4kidslife.com\/en\/wp-json\/wp\/v2\/pages\/109\/revisions\/431"}],"wp:attachment":[{"href":"https:\/\/villa4kidslife.com\/en\/wp-json\/wp\/v2\/media?parent=109"}],"curies":[{"name":"wp","href":"https:\/\/api.w.org\/{rel}","templated":true}]}}