{"id":297,"date":"2024-02-27T10:44:48","date_gmt":"2024-02-27T09:44:48","guid":{"rendered":"https:\/\/villa4kidslife.com\/?page_id=297"},"modified":"2025-11-06T20:28:57","modified_gmt":"2025-11-06T19:28:57","slug":"mitmachen-und-dabei-sein","status":"publish","type":"page","link":"https:\/\/villa4kidslife.com\/en\/mitmachen-und-dabei-sein\/","title":{"rendered":"Get involved"},"content":{"rendered":"<p>[et_pb_section fb_built=&#8220;1&#8243; admin_label=&#8220;Header&#8220; _builder_version=&#8220;4.24.2&#8243; _module_preset=&#8220;default&#8220; background_color=&#8220;RGBA(255,255,255,0)&#8220; background_image=&#8220;https:\/\/villa4kidslife.com\/wp-content\/uploads\/2024\/02\/Header_Linien-scaled.jpg&#8220; background_size=&#8220;custom&#8220; background_image_width=&#8220;100%&#8220; background_position=&#8220;top_center&#8220; global_colors_info=&#8220;{}&#8220;][et_pb_row _builder_version=&#8220;4.27.4&#8243; _module_preset=&#8220;default&#8220; custom_margin=&#8220;0px|auto|auto|auto|false|false&#8220; custom_padding=&#8220;0px||||false|false&#8220; global_colors_info=&#8220;{}&#8220;][et_pb_column type=&#8220;4_4&#8243; _builder_version=&#8220;4.16&#8243; _module_preset=&#8220;default&#8220; custom_padding=&#8220;6%||||false|false&#8220; custom_padding_tablet=&#8220;0%||||false|false&#8220; custom_padding_phone=&#8220;&#8220; custom_padding_last_edited=&#8220;on|tablet&#8220; global_colors_info=&#8220;{}&#8220;][et_pb_text _builder_version=&#8220;4.27.4&#8243; _module_preset=&#8220;e864d11f-3dab-4fa3-ac06-4f0e1a260807&#8243; text_font=&#8220;Trebuchet|800|||||||&#8220; text_text_color=&#8220;#197847&#8243; header_font=&#8220;Trebuchet|800|||||||&#8220; header_text_color=&#8220;#197847&#8243; header_font_size=&#8220;64px&#8220; header_letter_spacing=&#8220;-0.02em&#8220; width=&#8220;97.8%&#8220; custom_margin=&#8220;0px||0px|0px|false|false&#8220; custom_padding=&#8220;0px||0px||false|false&#8220; header_font_size_tablet=&#8220;40px&#8220; header_font_size_phone=&#8220;24px&#8220; header_font_size_last_edited=&#8220;on|desktop&#8220; locked=&#8220;off&#8220; global_colors_info=&#8220;{}&#8220;]<\/p>\n<h1><span style=\"color: #197847;\"><span style=\"caret-color: #197847;\">Get involved<\/span><\/span><\/h1>\n<p>[\/et_pb_text][\/et_pb_column][\/et_pb_row][et_pb_row _builder_version=&#8220;4.24.2&#8243; _module_preset=&#8220;default&#8220; custom_margin=&#8220;0px|auto|0px|auto|false|false&#8220; custom_padding=&#8220;0px||0px||false|false&#8220; border_style_all=&#8220;none&#8220; global_colors_info=&#8220;{}&#8220;][et_pb_column type=&#8220;4_4&#8243; _builder_version=&#8220;4.16&#8243; _module_preset=&#8220;default&#8220; custom_padding=&#8220;6%||||false|false&#8220; custom_padding_tablet=&#8220;0%||||false|false&#8220; custom_padding_phone=&#8220;&#8220; custom_padding_last_edited=&#8220;on|tablet&#8220; global_colors_info=&#8220;{}&#8220;][et_pb_code _builder_version=&#8220;4.24.2&#8243; _module_preset=&#8220;default&#8220; custom_margin=&#8220;0px||0px||false|false&#8220; custom_padding=&#8220;||0px||false|false&#8220; box_shadow_style=&#8220;preset1&#8243; global_colors_info=&#8220;{}&#8220;]<\/p>\n<div class=\"embed-privacy-container is-disabled embed-vimeo\" data-embed-id=\"oembed_c571bac5b630762b0a8674e81396fbd9\" data-embed-provider=\"vimeo\" style=\"aspect-ratio: 640\/360;\">\t\t\t\t\t\t<button type=\"button\" class=\"embed-privacy-enable screen-reader-text\">Display content from Vimeo<\/button>\t\t\t\t\t\t<\/p>\n<div class=\"embed-privacy-overlay\">\n<div class=\"embed-privacy-inner\">\n<div class=\"embed-privacy-logo\" style=\"background-image: url(https:\/\/villa4kidslife.com\/wp-content\/plugins\/embed-privacy\/assets\/images\/embed-vimeo.png?ver=1.12.3);\"><\/div>\n<p>\t\tHier klicken, um den Inhalt von Vimeo anzuzeigen.\t\t\t\t\t<br \/>\t\t\t\t\tLearn more in <a href=\"https:\/\/vimeo.com\/privacy\" target=\"_blank\">Vimeo\u2019s privacy policy<\/a>.\t\t<\/p>\n<p class=\"embed-privacy-input-wrapper\">\t\t\t<input id=\"embed-privacy-store-vimeo-c571bac5b630762b0a8674e81396fbd9\" type=\"checkbox\" value=\"1\" class=\"embed-privacy-input\" data-embed-provider=\"vimeo\">\t\t\t<label for=\"embed-privacy-store-vimeo-c571bac5b630762b0a8674e81396fbd9\" class=\"embed-privacy-label\" data-embed-provider=\"vimeo\">\t\t\t\tAlways display content from Vimeo\t\t\t<\/label>\t\t<\/p>\n<\/p><\/div>\n<div class=\"embed-privacy-footer\"><span class=\"embed-privacy-url\"><a href=\"https:\/\/player.vimeo.com\/video\/920524865?h=62816a9412\">Open Video directly<\/a><\/span><\/div>\n<\/p><\/div>\n<div class=\"embed-privacy-content\">\t\t\t\t<script>var _oembed_c571bac5b630762b0a8674e81396fbd9 = '{\\\"embed\\\":\\\"&lt;iframe src=&quot;https:\\\\\/\\\\\/player.vimeo.com\\\\\/video\\\\\/920524865?h=62816a9412&quot; width=&quot;640&quot; height=&quot;360&quot; frameborder=&quot;0&quot; allow=&quot;autoplay; fullscreen; picture-in-picture&quot; allowfullscreen&gt;&lt;\\\\\/iframe&gt;\\\"}';<\/script>\t\t\t<\/div>\n<\/p><\/div>\n<p><!-- [et_pb_line_break_holder] --><pee><a data-epi-spacing>[\/et_pb_code][\/et_pb_column][\/et_pb_row][et_pb_row column_structure=&#8220;1_2,1_2&#8243; _builder_version=&#8220;4.24.2&#8243; _module_preset=&#8220;default&#8220; custom_margin=&#8220;0px|auto|0px|auto|false|false&#8220; custom_padding=&#8220;0px||0px||false|false&#8220; border_style_all=&#8220;none&#8220; global_colors_info=&#8220;{}&#8220;][et_pb_column type=&#8220;1_2&#8243; _builder_version=&#8220;4.16&#8243; _module_preset=&#8220;default&#8220; custom_padding=&#8220;6%||||false|false&#8220; custom_padding_tablet=&#8220;0%||||false|false&#8220; custom_padding_phone=&#8220;&#8220; custom_padding_last_edited=&#8220;on|tablet&#8220; global_colors_info=&#8220;{}&#8220;][et_pb_text _builder_version=&#8220;4.26.1&#8243; _module_preset=&#8220;default&#8220; global_colors_info=&#8220;{}&#8220;]<\/p>\n<p>If you would like to donate\/become a member of Villa4Kids e.V. Association, please complete the <span style=\"color: #575756;\">Membership form<\/span><span style=\"color: #575756;\"> <\/span>.<\/p>\n<p>[\/et_pb_text][et_pb_button button_url=&#8220;@ET-DC@eyJkeW5hbWljIjp0cnVlLCJjb250ZW50IjoicG9zdF9saW5rX3VybF9hdHRhY2htZW50Iiwic2V0dGluZ3MiOnsicG9zdF9pZCI6IjQzNCJ9fQ==@&#8220; url_new_window=&#8220;on&#8220; button_text=&#8220;Beitrittserkl\u00e4rung Villa4KidsLife&#8220; button_alignment=&#8220;left&#8220; _builder_version=&#8220;4.27.4&#8243; _dynamic_attributes=&#8220;button_url&#8220; _module_preset=&#8220;default&#8220; custom_button=&#8220;on&#8220; button_text_size=&#8220;20px&#8220; button_text_color=&#8220;#FFFFFF&#8220; button_bg_color=&#8220;#E30C19&#8243; button_border_width=&#8220;0px&#8220; button_border_radius=&#8220;11px&#8220; button_letter_spacing=&#8220;0px&#8220; button_font=&#8220;|800|||||||&#8220; button_use_icon=&#8220;off&#8220; background_layout=&#8220;dark&#8220; custom_margin=&#8220;5px||||false|false&#8220; custom_padding=&#8220;5px||||false|false&#8220; animation_style=&#8220;zoom&#8220; box_shadow_style=&#8220;preset1&#8243; global_colors_info=&#8220;{}&#8220;][\/et_pb_button][et_pb_button button_url=&#8220;@ET-DC@eyJkeW5hbWljIjp0cnVlLCJjb250ZW50IjoicG9zdF9saW5rX3VybF9hdHRhY2htZW50Iiwic2V0dGluZ3MiOnsicG9zdF9pZCI6IjQzNSJ9fQ==@&#8220; url_new_window=&#8220;on&#8220; button_text=&#8220;Declaration of membership Villa4KidsLife&#8220; button_alignment=&#8220;left&#8220; _builder_version=&#8220;4.27.4&#8243; _dynamic_attributes=&#8220;button_url&#8220; _module_preset=&#8220;default&#8220; custom_button=&#8220;on&#8220; button_text_size=&#8220;20px&#8220; button_text_color=&#8220;#FFFFFF&#8220; button_bg_color=&#8220;#E30C19&#8243; button_border_width=&#8220;0px&#8220; button_border_radius=&#8220;11px&#8220; button_letter_spacing=&#8220;0px&#8220; button_font=&#8220;|800|||||||&#8220; button_use_icon=&#8220;off&#8220; background_layout=&#8220;dark&#8220; custom_margin=&#8220;5px||||false|false&#8220; custom_padding=&#8220;5px||||false|false&#8220; animation_style=&#8220;zoom&#8220; box_shadow_style=&#8220;preset1&#8243; global_colors_info=&#8220;{}&#8220;][\/et_pb_button][et_pb_text _builder_version=&#8220;4.26.1&#8243; _module_preset=&#8220;default&#8220; text_font=&#8220;Trebuchet||||||||&#8220; text_text_color=&#8220;#575756&#8243; custom_margin=&#8220;0px||||false|false&#8220; custom_padding=&#8220;0px||||false|false&#8220; global_colors_info=&#8220;{}&#8220;]<\/p>\n<p>If you interested in sponsoring a child, please contact us: info@villa4kids.de.<\/p>\n<p><strong>Our account:<\/strong><br data-epi-spacing>Villa4KidsLife<span class=\"Apple-converted-space\"><br data-epi-spacing><\/span>Ostfriesische Volksbank <span class=\"Apple-converted-space\"><br data-epi-spacing><\/span><span style=\"font-size: 16px;\">IBAN: DE65 2859 0075 4008 7565 00<\/span><\/p>\n<p><strong>Villa4KidsLife e. V.<\/strong><br data-epi-spacing><a href=\"mailto:%20info@villa4kids.de\">info@villa4kids.de<\/a><\/p>\n<p><a href=\"https:\/\/www.facebook.com\/Villa4KidsLife\">@villa4Kidslife e.V.<\/a><span class=\"Apple-converted-space\"><br data-epi-spacing><\/span>on Facebook<\/p>\n<p><a href=\"https:\/\/www.instagram.com\/villa4kidslife\/\">@villa4Kidslife<\/a><br data-epi-spacing><a href=\"https:\/\/www.instagram.com\/hertaeverwien\/\"><\/a>on Instagram<\/p>\n<p>[\/et_pb_text][\/et_pb_column][et_pb_column type=&#8220;1_2&#8243; _builder_version=&#8220;4.16&#8243; _module_preset=&#8220;default&#8220; custom_padding=&#8220;6%||||false|false&#8220; custom_padding_tablet=&#8220;0%||||false|false&#8220; custom_padding_phone=&#8220;&#8220; custom_padding_last_edited=&#8220;on|tablet&#8220; global_colors_info=&#8220;{}&#8220;][\/et_pb_column][\/et_pb_row][\/et_pb_section][et_pb_section fb_built=&#8220;1&#8243; admin_label=&#8220;About&#8220; _builder_version=&#8220;4.24.2&#8243; _module_preset=&#8220;default&#8220; background_color=&#8220;RGBA(255,255,255,0)&#8220; custom_margin=&#8220;0px||0px||false|false&#8220; custom_padding=&#8220;0px||0px||false|false&#8220; border_style_all=&#8220;none&#8220; global_colors_info=&#8220;{}&#8220;][et_pb_row custom_padding_last_edited=&#8220;on|phone&#8220; _builder_version=&#8220;4.24.2&#8243; _module_preset=&#8220;default&#8220; background_color=&#8220;#197847&#8243; overflow-x=&#8220;visible&#8220; overflow-y=&#8220;visible&#8220; custom_margin=&#8220;0px|auto|30px|auto|false|false&#8220; custom_margin_tablet=&#8220;||0px||false|false&#8220; custom_margin_phone=&#8220;&#8220; custom_margin_last_edited=&#8220;on|tablet&#8220; custom_padding=&#8220;30px|30px|30px|30px|true|true&#8220; custom_padding_tablet=&#8220;40px|30px|40px|30px|true|true&#8220; custom_padding_phone=&#8220;|20px||20px|true|true&#8220; border_radii=&#8220;on|20px|20px|20px|20px&#8220; global_colors_info=&#8220;{}&#8220;][et_pb_column type=&#8220;4_4&#8243; _builder_version=&#8220;4.16&#8243; _module_preset=&#8220;default&#8220; global_colors_info=&#8220;{}&#8220;][et_pb_gallery gallery_ids=&#8220;365,366,289,397,292,294,295&#8243; orientation=&#8220;portrait&#8220; show_title_and_caption=&#8220;off&#8220; show_pagination=&#8220;off&#8220; zoom_icon_color=&#8220;RGBA(255,255,255,0)&#8220; hover_overlay_color=&#8220;RGBA(255,255,255,0)&#8220; _builder_version=&#8220;4.27.4&#8243; _module_preset=&#8220;default&#8220; title_font=&#8220;Trebuchet|800|||||||&#8220; background_color=&#8220;#197847&#8243; border_radii_image=&#8220;on|5px|5px|5px|5px&#8220; border_color_all_image=&#8220;#FEF8D1&#8243; box_shadow_style_image=&#8220;preset2&#8243; global_colors_info=&#8220;{}&#8220;][\/et_pb_gallery][\/et_pb_column][\/et_pb_row][\/et_pb_section]<\/a><\/pee><\/p>","protected":false},"excerpt":{"rendered":"<p>Get involved<\/p>","protected":false},"author":1,"featured_media":0,"parent":0,"menu_order":0,"comment_status":"closed","ping_status":"closed","template":"","meta":{"_et_pb_use_builder":"on","_et_pb_old_content":"","_et_gb_content_width":"","footnotes":""},"class_list":["post-297","page","type-page","status-publish","hentry"],"yoast_head":"<!-- This site is optimized with the Yoast SEO plugin v26.8 - https:\/\/yoast.com\/product\/yoast-seo-wordpress\/ -->\n<title>Mitmachen und dabei sein - Villa4KidsLife<\/title>\n<meta name=\"description\" content=\"Stra\u00dfenkindern in Ghana muss geholfen werden. Werde Unterst\u00fctzer f\u00fcr die Villa4KidsLife. F\u00fcr ein besseres Morgen. Jetzt Mitglied werden.\" \/>\n<meta name=\"robots\" content=\"index, follow, max-snippet:-1, max-image-preview:large, max-video-preview:-1\" \/>\n<link rel=\"canonical\" href=\"https:\/\/villa4kidslife.com\/en\/mitmachen-und-dabei-sein\/\" \/>\n<meta property=\"og:locale\" content=\"en_GB\" \/>\n<meta property=\"og:type\" content=\"article\" \/>\n<meta property=\"og:title\" content=\"Mitmachen und dabei sein - Villa4KidsLife\" \/>\n<meta property=\"og:description\" content=\"Stra\u00dfenkindern in Ghana muss geholfen werden. Werde Unterst\u00fctzer f\u00fcr die Villa4KidsLife. F\u00fcr ein besseres Morgen. Jetzt Mitglied werden.\" \/>\n<meta property=\"og:url\" content=\"https:\/\/villa4kidslife.com\/en\/mitmachen-und-dabei-sein\/\" \/>\n<meta property=\"og:site_name\" content=\"Villa4KidsLife\" \/>\n<meta property=\"article:publisher\" content=\"https:\/\/www.facebook.com\/Villa4KidsLife\" \/>\n<meta property=\"article:modified_time\" content=\"2025-11-06T19:28:57+00:00\" \/>\n<meta name=\"twitter:card\" content=\"summary_large_image\" \/>\n<meta name=\"twitter:label1\" content=\"Estimated reading time\" \/>\n\t<meta name=\"twitter:data1\" content=\"2 minutes\" \/>\n<script type=\"application\/ld+json\" class=\"yoast-schema-graph\">{\"@context\":\"https:\/\/schema.org\",\"@graph\":[{\"@type\":\"WebPage\",\"@id\":\"https:\/\/villa4kidslife.com\/mitmachen-und-dabei-sein\/\",\"url\":\"https:\/\/villa4kidslife.com\/mitmachen-und-dabei-sein\/\",\"name\":\"Mitmachen und dabei sein - Villa4KidsLife\",\"isPartOf\":{\"@id\":\"https:\/\/villa4kidslife.com\/#website\"},\"datePublished\":\"2024-02-27T09:44:48+00:00\",\"dateModified\":\"2025-11-06T19:28:57+00:00\",\"description\":\"Stra\u00dfenkindern in Ghana muss geholfen werden. Werde Unterst\u00fctzer f\u00fcr die Villa4KidsLife. F\u00fcr ein besseres Morgen. Jetzt Mitglied werden.\",\"breadcrumb\":{\"@id\":\"https:\/\/villa4kidslife.com\/mitmachen-und-dabei-sein\/#breadcrumb\"},\"inLanguage\":\"en-GB\",\"potentialAction\":[{\"@type\":\"ReadAction\",\"target\":[\"https:\/\/villa4kidslife.com\/mitmachen-und-dabei-sein\/\"]}]},{\"@type\":\"BreadcrumbList\",\"@id\":\"https:\/\/villa4kidslife.com\/mitmachen-und-dabei-sein\/#breadcrumb\",\"itemListElement\":[{\"@type\":\"ListItem\",\"position\":1,\"name\":\"Startseite\",\"item\":\"https:\/\/villa4kidslife.com\/\"},{\"@type\":\"ListItem\",\"position\":2,\"name\":\"Mitmachen und dabei sein\"}]},{\"@type\":\"WebSite\",\"@id\":\"https:\/\/villa4kidslife.com\/#website\",\"url\":\"https:\/\/villa4kidslife.com\/\",\"name\":\"Villa4KidsLife\",\"description\":\"Ein Haus f\u00fcr Frauen- und Kinder in Cape Coast, Ghana\",\"publisher\":{\"@id\":\"https:\/\/villa4kidslife.com\/#organization\"},\"potentialAction\":[{\"@type\":\"SearchAction\",\"target\":{\"@type\":\"EntryPoint\",\"urlTemplate\":\"https:\/\/villa4kidslife.com\/?s={search_term_string}\"},\"query-input\":{\"@type\":\"PropertyValueSpecification\",\"valueRequired\":true,\"valueName\":\"search_term_string\"}}],\"inLanguage\":\"en-GB\"},{\"@type\":\"Organization\",\"@id\":\"https:\/\/villa4kidslife.com\/#organization\",\"name\":\"Villa4KidsLife\",\"url\":\"https:\/\/villa4kidslife.com\/\",\"logo\":{\"@type\":\"ImageObject\",\"inLanguage\":\"en-GB\",\"@id\":\"https:\/\/villa4kidslife.com\/#\/schema\/logo\/image\/\",\"url\":\"https:\/\/villa4kidslife.com\/wp-content\/uploads\/2023\/11\/cropped-Villa-Logo.png\",\"contentUrl\":\"https:\/\/villa4kidslife.com\/wp-content\/uploads\/2023\/11\/cropped-Villa-Logo.png\",\"width\":2570,\"height\":1981,\"caption\":\"Villa4KidsLife\"},\"image\":{\"@id\":\"https:\/\/villa4kidslife.com\/#\/schema\/logo\/image\/\"},\"sameAs\":[\"https:\/\/www.facebook.com\/Villa4KidsLife\",\"https:\/\/www.instagram.com\/hertaeverwien\/\"]}]}<\/script>\n<!-- \/ Yoast SEO plugin. -->","yoast_head_json":{"title":"Mitmachen und dabei sein - Villa4KidsLife","description":"Stra\u00dfenkindern in Ghana muss geholfen werden. Werde Unterst\u00fctzer f\u00fcr die Villa4KidsLife. F\u00fcr ein besseres Morgen. Jetzt Mitglied werden.","robots":{"index":"index","follow":"follow","max-snippet":"max-snippet:-1","max-image-preview":"max-image-preview:large","max-video-preview":"max-video-preview:-1"},"canonical":"https:\/\/villa4kidslife.com\/en\/mitmachen-und-dabei-sein\/","og_locale":"en_GB","og_type":"article","og_title":"Mitmachen und dabei sein - Villa4KidsLife","og_description":"Stra\u00dfenkindern in Ghana muss geholfen werden. Werde Unterst\u00fctzer f\u00fcr die Villa4KidsLife. F\u00fcr ein besseres Morgen. Jetzt Mitglied werden.","og_url":"https:\/\/villa4kidslife.com\/en\/mitmachen-und-dabei-sein\/","og_site_name":"Villa4KidsLife","article_publisher":"https:\/\/www.facebook.com\/Villa4KidsLife","article_modified_time":"2025-11-06T19:28:57+00:00","twitter_card":"summary_large_image","twitter_misc":{"Estimated reading time":"2 minutes"},"schema":{"@context":"https:\/\/schema.org","@graph":[{"@type":"WebPage","@id":"https:\/\/villa4kidslife.com\/mitmachen-und-dabei-sein\/","url":"https:\/\/villa4kidslife.com\/mitmachen-und-dabei-sein\/","name":"Mitmachen und dabei sein - Villa4KidsLife","isPartOf":{"@id":"https:\/\/villa4kidslife.com\/#website"},"datePublished":"2024-02-27T09:44:48+00:00","dateModified":"2025-11-06T19:28:57+00:00","description":"Stra\u00dfenkindern in Ghana muss geholfen werden. Werde Unterst\u00fctzer f\u00fcr die Villa4KidsLife. F\u00fcr ein besseres Morgen. Jetzt Mitglied werden.","breadcrumb":{"@id":"https:\/\/villa4kidslife.com\/mitmachen-und-dabei-sein\/#breadcrumb"},"inLanguage":"en-GB","potentialAction":[{"@type":"ReadAction","target":["https:\/\/villa4kidslife.com\/mitmachen-und-dabei-sein\/"]}]},{"@type":"BreadcrumbList","@id":"https:\/\/villa4kidslife.com\/mitmachen-und-dabei-sein\/#breadcrumb","itemListElement":[{"@type":"ListItem","position":1,"name":"Startseite","item":"https:\/\/villa4kidslife.com\/"},{"@type":"ListItem","position":2,"name":"Mitmachen und dabei sein"}]},{"@type":"WebSite","@id":"https:\/\/villa4kidslife.com\/#website","url":"https:\/\/villa4kidslife.com\/","name":"Villa4KidsLife","description":"Ein Haus f\u00fcr Frauen- und Kinder in Cape Coast, Ghana","publisher":{"@id":"https:\/\/villa4kidslife.com\/#organization"},"potentialAction":[{"@type":"SearchAction","target":{"@type":"EntryPoint","urlTemplate":"https:\/\/villa4kidslife.com\/?s={search_term_string}"},"query-input":{"@type":"PropertyValueSpecification","valueRequired":true,"valueName":"search_term_string"}}],"inLanguage":"en-GB"},{"@type":"Organization","@id":"https:\/\/villa4kidslife.com\/#organization","name":"Villa4KidsLife","url":"https:\/\/villa4kidslife.com\/","logo":{"@type":"ImageObject","inLanguage":"en-GB","@id":"https:\/\/villa4kidslife.com\/#\/schema\/logo\/image\/","url":"https:\/\/villa4kidslife.com\/wp-content\/uploads\/2023\/11\/cropped-Villa-Logo.png","contentUrl":"https:\/\/villa4kidslife.com\/wp-content\/uploads\/2023\/11\/cropped-Villa-Logo.png","width":2570,"height":1981,"caption":"Villa4KidsLife"},"image":{"@id":"https:\/\/villa4kidslife.com\/#\/schema\/logo\/image\/"},"sameAs":["https:\/\/www.facebook.com\/Villa4KidsLife","https:\/\/www.instagram.com\/hertaeverwien\/"]}]}},"_links":{"self":[{"href":"https:\/\/villa4kidslife.com\/en\/wp-json\/wp\/v2\/pages\/297","targetHints":{"allow":["GET"]}}],"collection":[{"href":"https:\/\/villa4kidslife.com\/en\/wp-json\/wp\/v2\/pages"}],"about":[{"href":"https:\/\/villa4kidslife.com\/en\/wp-json\/wp\/v2\/types\/page"}],"author":[{"embeddable":true,"href":"https:\/\/villa4kidslife.com\/en\/wp-json\/wp\/v2\/users\/1"}],"replies":[{"embeddable":true,"href":"https:\/\/villa4kidslife.com\/en\/wp-json\/wp\/v2\/comments?post=297"}],"version-history":[{"count":34,"href":"https:\/\/villa4kidslife.com\/en\/wp-json\/wp\/v2\/pages\/297\/revisions"}],"predecessor-version":[{"id":444,"href":"https:\/\/villa4kidslife.com\/en\/wp-json\/wp\/v2\/pages\/297\/revisions\/444"}],"wp:attachment":[{"href":"https:\/\/villa4kidslife.com\/en\/wp-json\/wp\/v2\/media?parent=297"}],"curies":[{"name":"wp","href":"https:\/\/api.w.org\/{rel}","templated":true}]}}